{"id":176,"date":"2012-07-22T08:21:33","date_gmt":"2012-07-22T08:21:33","guid":{"rendered":"http:\/\/musikzeit.at\/musikzeitneu\/?page_id=176"},"modified":"2013-05-25T19:41:32","modified_gmt":"2013-05-25T19:41:32","slug":"schmidt-franz","status":"publish","type":"page","link":"http:\/\/musikzeit.at\/musikzeitneu\/?page_id=176","title":{"rendered":"Schmidt, Franz"},"content":{"rendered":"<p><a title=\"Kunst der Komponisten\" href=\"http:\/\/musikzeit.at\/musikzeitneu\/wp-content\/uploads\/2013\/05\/schmidt.jpg\" target=\"_blank\"><img loading=\"lazy\" decoding=\"async\" class=\"alignnone  wp-image-2802\" alt=\"schmidt\" src=\"http:\/\/musikzeit.at\/musikzeitneu\/wp-content\/uploads\/2013\/05\/schmidt.jpg\" width=\"149\" height=\"187\" srcset=\"http:\/\/musikzeit.at\/musikzeitneu\/wp-content\/uploads\/2013\/05\/schmidt.jpg 787w, http:\/\/musikzeit.at\/musikzeitneu\/wp-content\/uploads\/2013\/05\/schmidt-238x300.jpg 238w\" sizes=\"auto, (max-width: 149px) 100vw, 149px\" \/><\/a><img loading=\"lazy\" decoding=\"async\" style=\"vertical-align: top;\" alt=\"Franz Schmidt\" src=\"http:\/\/musikzeit.at\/musikzeitneu\/wp-content\/uploads\/2012\/09\/schmidt2.png\" width=\"149\" height=\"187\" \/><\/p>\n<p>Norbert Tschulik<br \/>\n\u201eFranz Schmidt\u201c<\/p>\n<p>Sp\u00e4tromantiker, aber nicht Epigone; Herkunft und Jugend; erster Erfolg als Komponist; Konflikte w\u00e4hrend der Mahler-\u00c4ra; Schmidt als Organist; <em>Zweite Symphonie<\/em>; Urauff\u00fchrung von <em>Notre Dame<\/em>; als Lehrer und privat; zweite Oper <em>Fredigundis<\/em>; Klangstil und lyrische Melodie; die Orgelwerke; Klavierkonzerte und Kammermusik; Ehrungen und neues Schaffen; <em>Vierte Symphonie<\/em>; das gro\u00dfe <em>Oratorium<\/em>; von schwerer Krankheit gezeichnet<\/p>\n<p>Werkverzeichnis \/ Literaturauswahl<\/p>\n<p>Band 18 \/ Komponisten des 20. Jahrhunderts<br \/>\n88 Seiten, Abbildungen u. Notenbeispiele<br \/>\n1972, 22&#215;17 cm, 282 gr, Hardcover<br \/>\n\u20ac 28,80<br \/>\nISBN 978-3-85151-055-3<\/p>\n<div>\n<\/div>\n<p><a title=\"Bestellung\" href=\"http:\/\/musikzeit.at\/musikzeitneu\/?page_id=484\"><img loading=\"lazy\" decoding=\"async\" class=\"alignnone size-full wp-image-788\" title=\"bestellen\" alt=\"\" src=\"http:\/\/musikzeit.at\/musikzeitneu\/wp-content\/uploads\/2012\/10\/bestellen.png\" width=\"147\" height=\"23\" \/><\/a><\/p>\n<div>\n<\/div>\n<p>Schmidt ist ein Sp\u00e4tromantiker, dessen W\u00fcrdigung und Anerkennung dadurch erschwert worden ist, dass seine Erscheinung im Spannungsfeld konservativer und moderner Auffassung steht. Schmidt setzte eine \u00f6sterreichische Tradition fort, war aber kein Eklektiker. Ein Gesamtbild des Komponisten mit Stil-Entscheidungen und Charakteristika der Pers\u00f6nlichkeit. Die wichtigsten Werke, werden dargelegt.<\/p>\n<p>Tschulik, Musikwissenschaftler, Kulturredakteur, Musikkritiker.<br \/>\nEr publizierte \u00fcber Hanslick, Bruckner und zum barocken wie modernen Theater.<\/p>\n<div>\n&nbsp;\n<\/div>\n<p><span style=\"color: #888888;\">MEISTER DER APOKALYPSE<\/span><\/p>\n<p><span style=\"color: #888888;\">\u201eDas Buch wurde geplant schon vor der Neo-Romantizismus-Welle der Schallplattenindustrie.\u201c<\/span><br \/>\n<span style=\"color: #888888;\"> (Manfred Wagner \/Hessischer Rundfunk)<\/span><\/p>\n<p><span style=\"color: #888888;\">\u201eNur ein Nachfolger oder vielleicht doch mehr?\u201c<\/span><br \/>\n<span style=\"color: #888888;\"> (Tagesanzeiger)<\/span><\/p>\n<p><span style=\"color: #888888;\">\u201eVerehrend und kritisch, gut lesbar und aufschlussreich.\u201c<\/span><br \/>\n<span style=\"color: #888888;\"> (Die Furche)<\/span><\/p>\n","protected":false},"excerpt":{"rendered":"<p>Norbert Tschulik \u201eFranz Schmidt\u201c Sp\u00e4tromantiker, aber nicht Epigone; Herkunft und Jugend; erster Erfolg als Komponist; Konflikte w\u00e4hrend der Mahler-\u00c4ra; Schmidt als Organist; Zweite Symphonie; Urauff\u00fchrung von Notre Dame; als Lehrer und privat; zweite Oper Fredigundis; Klangstil und lyrische Melodie; die &hellip; <a href=\"http:\/\/musikzeit.at\/musikzeitneu\/?page_id=176\">Weiterlesen <span class=\"meta-nav\">&rarr;<\/span><\/a><\/p>\n","protected":false},"author":1,"featured_media":0,"parent":9,"menu_order":0,"comment_status":"open","ping_status":"open","template":"","meta":{"_exactmetrics_skip_tracking":false,"_exactmetrics_sitenote_active":false,"_exactmetrics_sitenote_note":"","_exactmetrics_sitenote_category":0,"footnotes":""},"class_list":["post-176","page","type-page","status-publish","hentry"],"_links":{"self":[{"href":"http:\/\/musikzeit.at\/musikzeitneu\/index.php?rest_route=\/wp\/v2\/pages\/176","targetHints":{"allow":["GET"]}}],"collection":[{"href":"http:\/\/musikzeit.at\/musikzeitneu\/index.php?rest_route=\/wp\/v2\/pages"}],"about":[{"href":"http:\/\/musikzeit.at\/musikzeitneu\/index.php?rest_route=\/wp\/v2\/types\/page"}],"author":[{"embeddable":true,"href":"http:\/\/musikzeit.at\/musikzeitneu\/index.php?rest_route=\/wp\/v2\/users\/1"}],"replies":[{"embeddable":true,"href":"http:\/\/musikzeit.at\/musikzeitneu\/index.php?rest_route=%2Fwp%2Fv2%2Fcomments&post=176"}],"version-history":[{"count":13,"href":"http:\/\/musikzeit.at\/musikzeitneu\/index.php?rest_route=\/wp\/v2\/pages\/176\/revisions"}],"predecessor-version":[{"id":723,"href":"http:\/\/musikzeit.at\/musikzeitneu\/index.php?rest_route=\/wp\/v2\/pages\/176\/revisions\/723"}],"up":[{"embeddable":true,"href":"http:\/\/musikzeit.at\/musikzeitneu\/index.php?rest_route=\/wp\/v2\/pages\/9"}],"wp:attachment":[{"href":"http:\/\/musikzeit.at\/musikzeitneu\/index.php?rest_route=%2Fwp%2Fv2%2Fmedia&parent=176"}],"curies":[{"name":"wp","href":"https:\/\/api.w.org\/{rel}","templated":true}]}}