{"id":269,"date":"2012-07-22T09:43:40","date_gmt":"2012-07-22T09:43:40","guid":{"rendered":"http:\/\/musikzeit.at\/musikzeitneu\/?page_id=269"},"modified":"2013-04-24T20:42:42","modified_gmt":"2013-04-24T20:42:42","slug":"2007-05-wiener-festwochen","status":"publish","type":"page","link":"http:\/\/musikzeit.at\/musikzeitneu\/?page_id=269","title":{"rendered":"2007-05 Wiener Festwochen"},"content":{"rendered":"<p>Leos Jan\u00e1cek und seine Musik<br \/>\nMotive, die aus dem Erdreich wachsen<br \/>\n(<em>Meinhard Saremba<\/em>)<\/p>\n<p>\u201eAus einem Totenhaus\u201c<br \/>\nPierre Boulez \u00fcber Jan\u00e1ceks letzte Oper<br \/>\n(<em>im Gespr\u00e4ch mit Daniel Ender<\/em>)<\/p>\n<p>Zolt\u00e1n Kod\u00e1lys Singspiel \u201eH\u00e1ry J\u00e1nos \u2026\u201c<br \/>\n(<em>Bruno Reuer<\/em>)<\/p>\n<p>B\u00e9la Bart\u00f3ks Streichquartette<br \/>\n(<em>L\u00e1szl\u00f3 Vik\u00e1rius<\/em>)<\/p>\n<p>Zum Urauff\u00fchrungsprojekt \u201eThis Is Not A Love Song\u201c<br \/>\n(<em>Ulrich Rasche<\/em>)<\/p>\n<p>Portrait: Bertrand de Billy<br \/>\n(<em>im Gespr\u00e4ch mit Daniel Ender<\/em>)<\/p>\n<p>Studio: Franz Koglmann \u201eN\u00e4chtliche Spazierg\u00e4nge\u201c,<br \/>\nUrauff\u00fchrung in Sch\u00f6nbrunn \/ Sibiu \/ Freck<br \/>\n(<em>Heinz R\u00f6gl<\/em>)<\/p>\n<p>etc. \u2026<\/p>\n","protected":false},"excerpt":{"rendered":"<p>Leos Jan\u00e1cek und seine Musik Motive, die aus dem Erdreich wachsen (Meinhard Saremba) \u201eAus einem Totenhaus\u201c Pierre Boulez \u00fcber Jan\u00e1ceks letzte Oper (im Gespr\u00e4ch mit Daniel Ender) Zolt\u00e1n Kod\u00e1lys Singspiel \u201eH\u00e1ry J\u00e1nos \u2026\u201c (Bruno Reuer) B\u00e9la Bart\u00f3ks Streichquartette (L\u00e1szl\u00f3 Vik\u00e1rius) &hellip; <a href=\"http:\/\/musikzeit.at\/musikzeitneu\/?page_id=269\">Weiterlesen <span class=\"meta-nav\">&rarr;<\/span><\/a><\/p>\n","protected":false},"author":1,"featured_media":0,"parent":31,"menu_order":0,"comment_status":"open","ping_status":"open","template":"","meta":{"_exactmetrics_skip_tracking":false,"_exactmetrics_sitenote_active":false,"_exactmetrics_sitenote_note":"","_exactmetrics_sitenote_category":0,"footnotes":""},"class_list":["post-269","page","type-page","status-publish","hentry"],"_links":{"self":[{"href":"http:\/\/musikzeit.at\/musikzeitneu\/index.php?rest_route=\/wp\/v2\/pages\/269","targetHints":{"allow":["GET"]}}],"collection":[{"href":"http:\/\/musikzeit.at\/musikzeitneu\/index.php?rest_route=\/wp\/v2\/pages"}],"about":[{"href":"http:\/\/musikzeit.at\/musikzeitneu\/index.php?rest_route=\/wp\/v2\/types\/page"}],"author":[{"embeddable":true,"href":"http:\/\/musikzeit.at\/musikzeitneu\/index.php?rest_route=\/wp\/v2\/users\/1"}],"replies":[{"embeddable":true,"href":"http:\/\/musikzeit.at\/musikzeitneu\/index.php?rest_route=%2Fwp%2Fv2%2Fcomments&post=269"}],"version-history":[{"count":6,"href":"http:\/\/musikzeit.at\/musikzeitneu\/index.php?rest_route=\/wp\/v2\/pages\/269\/revisions"}],"predecessor-version":[{"id":2485,"href":"http:\/\/musikzeit.at\/musikzeitneu\/index.php?rest_route=\/wp\/v2\/pages\/269\/revisions\/2485"}],"up":[{"embeddable":true,"href":"http:\/\/musikzeit.at\/musikzeitneu\/index.php?rest_route=\/wp\/v2\/pages\/31"}],"wp:attachment":[{"href":"http:\/\/musikzeit.at\/musikzeitneu\/index.php?rest_route=%2Fwp%2Fv2%2Fmedia&parent=269"}],"curies":[{"name":"wp","href":"https:\/\/api.w.org\/{rel}","templated":true}]}}