{"id":4347,"date":"2018-09-03T16:03:55","date_gmt":"2018-09-03T16:03:55","guid":{"rendered":"http:\/\/musikzeit.at\/musikzeitneu\/?page_id=4347"},"modified":"2020-05-01T15:06:59","modified_gmt":"2020-05-01T15:06:59","slug":"harmonikale-forschung-rilke","status":"publish","type":"page","link":"http:\/\/musikzeit.at\/musikzeitneu\/?page_id=4347","title":{"rendered":"Harmonikale Forschung: Rilke"},"content":{"rendered":"<p><img loading=\"lazy\" decoding=\"async\" class=\"alignleft size-medium wp-image-4386\" src=\"http:\/\/musikzeit.at\/musikzeitneu\/wp-content\/uploads\/2018\/09\/rilke-1-186x300.png\" alt=\"\" width=\"186\" height=\"300\" srcset=\"http:\/\/musikzeit.at\/musikzeitneu\/wp-content\/uploads\/2018\/09\/rilke-1-186x300.png 186w, http:\/\/musikzeit.at\/musikzeitneu\/wp-content\/uploads\/2018\/09\/rilke-1-635x1024.png 635w, http:\/\/musikzeit.at\/musikzeitneu\/wp-content\/uploads\/2018\/09\/rilke-1.png 732w\" sizes=\"auto, (max-width: 186px) 100vw, 186px\" \/><img loading=\"lazy\" decoding=\"async\" class=\"alignnone size-medium wp-image-4387\" src=\"http:\/\/musikzeit.at\/musikzeitneu\/wp-content\/uploads\/2018\/09\/rilke-2-228x300.png\" alt=\"\" width=\"216\" height=\"300\" \/><\/p>\n<p>Leopold Spitzer<br \/>\n\u201eDas Harmonikale in der Musikauffassung<br \/>\nRainer Maria Rilkes\u201c<\/p>\n<p>Einleitung<br \/>\nRilkes Beziehung zur Musik<br \/>\nDas Harmonikale in Metaphorik und Motivik<br \/>\nMensch<br \/>\nDasein<br \/>\nBildende Kunst<br \/>\nMusik<br \/>\nZusammenfassung<\/p>\n<p>2018, elektronische Edition 8 MB<br \/>\nPDF mit 70 Seiten<br \/>\n\u20ac 14,80 plus MwSt (f\u00fcr Kunden bei Direktbestellung)<br \/>\nISBN 9783851510935<\/p>\n<p><a title=\"Bestellung\" href=\"http:\/\/musikzeit.at\/musikzeitneu\/?page_id=484\"><img loading=\"lazy\" decoding=\"async\" class=\"alignnone size-full wp-image-788\" title=\"bestellen\" src=\"http:\/\/musikzeit.at\/musikzeitneu\/wp-content\/uploads\/2012\/10\/bestellen.png\" alt=\"\" width=\"147\" height=\"23\" \/><\/a><\/p>\n<p>Rilkes erste Schaffensperiode stand vorwiegend unter dem Einfluss der bildenden Kunst, und wenn auch damals schon musikalisch-harmonikale Motive auftreten, so haben sie doch keine essentielle Funktion, sondern sind nur dekorativ und illustrativ. Erst in der zweiten Schaffensperiode, \u00fcber der als Leitbild \u201eOrpheus\u201c steht, ist die Musik ein integrierter Bestandteil von Rilkes Weltbild. Jetzt wird f\u00fcr ihn auch der Geh\u00f6rssinn in den Erfahrungsbereich einbezogen, die Natur, in der dieselben Gesetze wirksam sind wie in der Musik, wird gleichsam akustisch erforscht, und diese unsichtbaren Gesetze haben f\u00fcr Rilke einen h\u00f6heren Rang als die Realit\u00e4t.<\/p>\n<p>Leopold Spitzer, Musikwissenschaftler und Gesangsp\u00e4dagoge, schrieb diese Arbeit 1971 und begann darauf seine Karriere am Institut f\u00fcr harmonikale Grundlagenforschung der Musikhochschule, heutige Universit\u00e4t f\u00fcr Musik und darstellende Kunst Wien.<\/p>\n","protected":false},"excerpt":{"rendered":"<p>Leopold Spitzer \u201eDas Harmonikale in der Musikauffassung Rainer Maria Rilkes\u201c Einleitung Rilkes Beziehung zur Musik Das Harmonikale in Metaphorik und Motivik Mensch Dasein Bildende Kunst Musik Zusammenfassung 2018, elektronische Edition 8 MB PDF mit 70 Seiten \u20ac 14,80 plus MwSt &hellip; <a href=\"http:\/\/musikzeit.at\/musikzeitneu\/?page_id=4347\">Weiterlesen <span class=\"meta-nav\">&rarr;<\/span><\/a><\/p>\n","protected":false},"author":1,"featured_media":0,"parent":992,"menu_order":0,"comment_status":"closed","ping_status":"closed","template":"","meta":{"_exactmetrics_skip_tracking":false,"_exactmetrics_sitenote_active":false,"_exactmetrics_sitenote_note":"","_exactmetrics_sitenote_category":0,"footnotes":""},"class_list":["post-4347","page","type-page","status-publish","hentry"],"_links":{"self":[{"href":"http:\/\/musikzeit.at\/musikzeitneu\/index.php?rest_route=\/wp\/v2\/pages\/4347","targetHints":{"allow":["GET"]}}],"collection":[{"href":"http:\/\/musikzeit.at\/musikzeitneu\/index.php?rest_route=\/wp\/v2\/pages"}],"about":[{"href":"http:\/\/musikzeit.at\/musikzeitneu\/index.php?rest_route=\/wp\/v2\/types\/page"}],"author":[{"embeddable":true,"href":"http:\/\/musikzeit.at\/musikzeitneu\/index.php?rest_route=\/wp\/v2\/users\/1"}],"replies":[{"embeddable":true,"href":"http:\/\/musikzeit.at\/musikzeitneu\/index.php?rest_route=%2Fwp%2Fv2%2Fcomments&post=4347"}],"version-history":[{"count":8,"href":"http:\/\/musikzeit.at\/musikzeitneu\/index.php?rest_route=\/wp\/v2\/pages\/4347\/revisions"}],"predecessor-version":[{"id":4483,"href":"http:\/\/musikzeit.at\/musikzeitneu\/index.php?rest_route=\/wp\/v2\/pages\/4347\/revisions\/4483"}],"up":[{"embeddable":true,"href":"http:\/\/musikzeit.at\/musikzeitneu\/index.php?rest_route=\/wp\/v2\/pages\/992"}],"wp:attachment":[{"href":"http:\/\/musikzeit.at\/musikzeitneu\/index.php?rest_route=%2Fwp%2Fv2%2Fmedia&parent=4347"}],"curies":[{"name":"wp","href":"https:\/\/api.w.org\/{rel}","templated":true}]}}